{"id":55151,"date":"2023-05-31T23:01:12","date_gmt":"2023-05-31T23:01:12","guid":{"rendered":"https:\/\/graficor.pt\/product\/bomba-de-calor-lg-wh27s-f5\/"},"modified":"2026-05-06T18:03:35","modified_gmt":"2026-05-06T18:03:35","slug":"bomba-de-calor-lg-wh27s-f5","status":"publish","type":"product","link":"https:\/\/graficor.pt\/fr\/produit\/bomba-de-calor-lg-wh27s-f5\/","title":{"rendered":"Bomba de Calor LG WH27S.F5"},"content":{"rendered":"<p>O LG Bomba Calor Monobloco AQS WH27S.F5 &#8211; 270L A+ \u00e9\u00a0 a solu\u00e7\u00e3o perfeita para aquecimento e arrefecimento eficiente e econ\u00f4mico. Com uma capacidade de 270 litros, este aparelho \u00e9 capaz de aquecer ou arrefecer ambientes de at\u00e9 20m\u00b2. Al\u00e9m disso, o compressor Dual Inverter e a efici\u00eancia energ\u00e9tica A+ garantem economia de energia ao longo do tempo. O Wi-Fi integrado permite controlar o aparelho de forma remota atrav\u00e9s de seu smartphone ou tablet. Com design elegante e sofisticado, o LG Bomba de Calor AQS Monobloco \u00e9 a escolha perfeita para aquecer ou arrefecer sua casa de forma eficiente e conveniente.<\/p>\n<p><strong>Especifica\u00e7\u00f5es<\/strong><\/p>\n<ul>\n<li>CLASSE A+ &#8211; 270LTS &#8211; WI-FI INTEGRADO &#8211; 38dB(A)WIFI: Control Wi-Fi com LG ThinQ\u2122<\/li>\n<li>Efici\u00eancia energ\u00e9tica: A+<\/li>\n<li>Eficiente (at\u00e9 55\u00bacC)<\/li>\n<li>Capacidade: 270 litros<\/li>\n<li>Dimens\u00f5es (LxAxP) 580x2008x582mm<\/li>\n<li>Compressor: Dual Inverter<\/li>\n<li>G\u00e1s: R134a<\/li>\n<li>Filtro lav\u00e1vel<\/li>\n<li>Display<\/li>\n<li>Revestimento cer\u00e2mico<\/li>\n<li>Esgoto<\/li>\n<\/ul>\n","protected":false},"excerpt":{"rendered":"<p>O LG Bomba Calor Monobloco AQS WH27S.F5 &#8211; 270L A+ \u00e9\u00a0 a solu\u00e7\u00e3o perfeita para aquecimento e arrefecimento eficiente e econ\u00f4mico. Com uma capacidade de 270 litros, este aparelho \u00e9 capaz de aquecer ou arrefecer ambientes de at\u00e9 20m\u00b2. Al\u00e9m disso, o compressor Dual Inverter e a efici\u00eancia energ\u00e9tica A+ garantem economia de energia ao longo do tempo. O Wi-Fi&hellip;<\/p>\n","protected":false},"featured_media":60191,"template":"","meta":[],"product_cat":[543,538],"product_tag":[],"acf":[],"yoast_head":"<!-- This site is optimized with the Yoast SEO plugin v19.4 - https:\/\/yoast.com\/wordpress\/plugins\/seo\/ -->\n<title>Bomba de Calor LG WH27S.F5 - Graficor - Venda de Eletrodom\u00e9sticos em Vila Franca Do Campo<\/title>\n<meta name=\"robots\" content=\"index, follow, max-snippet:-1, max-image-preview:large, max-video-preview:-1\" \/>\n<link rel=\"canonical\" href=\"https:\/\/graficor.pt\/produit\/bomba-de-calor-lg-wh27s-f5\/\" \/>\n<meta property=\"og:locale\" content=\"fr_FR\" \/>\n<meta property=\"og:type\" content=\"article\" \/>\n<meta property=\"og:title\" content=\"Bomba de Calor LG WH27S.F5 - Graficor - Venda de Eletrodom\u00e9sticos em Vila Franca Do Campo\" \/>\n<meta property=\"og:description\" content=\"O LG Bomba Calor Monobloco AQS WH27S.F5 &#8211; 270L A+ \u00e9\u00a0 a solu\u00e7\u00e3o perfeita para aquecimento e arrefecimento eficiente e econ\u00f4mico. Com uma capacidade de 270 litros, este aparelho \u00e9 capaz de aquecer ou arrefecer ambientes de at\u00e9 20m\u00b2. Al\u00e9m disso, o compressor Dual Inverter e a efici\u00eancia energ\u00e9tica A+ garantem economia de energia ao longo do tempo. O Wi-Fi&hellip;\" \/>\n<meta property=\"og:url\" content=\"https:\/\/graficor.pt\/produit\/bomba-de-calor-lg-wh27s-f5\/\" \/>\n<meta property=\"og:site_name\" content=\"Graficor - Venda de Eletrodom\u00e9sticos em Vila Franca Do Campo\" \/>\n<meta property=\"article:modified_time\" content=\"2026-05-06T18:03:35+00:00\" \/>\n<meta property=\"og:image\" content=\"https:\/\/graficor.pt\/wp-content\/uploads\/img_produtos\/8806091100191.jpg\" \/>\n\t<meta property=\"og:image:width\" content=\"458\" \/>\n\t<meta property=\"og:image:height\" content=\"458\" \/>\n\t<meta property=\"og:image:type\" content=\"image\/jpeg\" \/>\n<meta name=\"twitter:card\" content=\"summary_large_image\" \/>\n<meta name=\"twitter:label1\" content=\"Est. reading time\" \/>\n\t<meta name=\"twitter:data1\" content=\"1 minute\" \/>\n<script type=\"application\/ld+json\" class=\"yoast-schema-graph\">{\"@context\":\"https:\/\/schema.org\",\"@graph\":[{\"@type\":\"WebSite\",\"@id\":\"https:\/\/graficor.pt\/#website\",\"url\":\"https:\/\/graficor.pt\/\",\"name\":\"Graficor - Venda de Eletrodom\u00e9sticos em Vila Franca Do Campo\",\"description\":\"\",\"potentialAction\":[{\"@type\":\"SearchAction\",\"target\":{\"@type\":\"EntryPoint\",\"urlTemplate\":\"https:\/\/graficor.pt\/?s={search_term_string}\"},\"query-input\":\"required name=search_term_string\"}],\"inLanguage\":\"fr-FR\"},{\"@type\":\"WebPage\",\"@id\":\"https:\/\/graficor.pt\/produit\/bomba-de-calor-lg-wh27s-f5\/\",\"url\":\"https:\/\/graficor.pt\/produit\/bomba-de-calor-lg-wh27s-f5\/\",\"name\":\"Bomba de Calor LG WH27S.F5 - Graficor - Venda de Eletrodom\u00e9sticos em Vila Franca Do Campo\",\"isPartOf\":{\"@id\":\"https:\/\/graficor.pt\/#website\"},\"datePublished\":\"2023-05-31T23:01:12+00:00\",\"dateModified\":\"2026-05-06T18:03:35+00:00\",\"breadcrumb\":{\"@id\":\"https:\/\/graficor.pt\/produit\/bomba-de-calor-lg-wh27s-f5\/#breadcrumb\"},\"inLanguage\":\"fr-FR\",\"potentialAction\":[{\"@type\":\"ReadAction\",\"target\":[\"https:\/\/graficor.pt\/produit\/bomba-de-calor-lg-wh27s-f5\/\"]}]},{\"@type\":\"BreadcrumbList\",\"@id\":\"https:\/\/graficor.pt\/produit\/bomba-de-calor-lg-wh27s-f5\/#breadcrumb\",\"itemListElement\":[{\"@type\":\"ListItem\",\"position\":1,\"name\":\"Home\",\"item\":\"https:\/\/graficor.pt\/fr\/\"},{\"@type\":\"ListItem\",\"position\":2,\"name\":\"Boutique\",\"item\":\"https:\/\/graficor.pt\/fr\/boutique\/\"},{\"@type\":\"ListItem\",\"position\":3,\"name\":\"Bomba de Calor LG WH27S.F5\"}]}]}<\/script>\n<!-- \/ Yoast SEO plugin. -->","yoast_head_json":{"title":"Bomba de Calor LG WH27S.F5 - Graficor - Venda de Eletrodom\u00e9sticos em Vila Franca Do Campo","robots":{"index":"index","follow":"follow","max-snippet":"max-snippet:-1","max-image-preview":"max-image-preview:large","max-video-preview":"max-video-preview:-1"},"canonical":"https:\/\/graficor.pt\/produit\/bomba-de-calor-lg-wh27s-f5\/","og_locale":"fr_FR","og_type":"article","og_title":"Bomba de Calor LG WH27S.F5 - Graficor - Venda de Eletrodom\u00e9sticos em Vila Franca Do Campo","og_description":"O LG Bomba Calor Monobloco AQS WH27S.F5 &#8211; 270L A+ \u00e9\u00a0 a solu\u00e7\u00e3o perfeita para aquecimento e arrefecimento eficiente e econ\u00f4mico. Com uma capacidade de 270 litros, este aparelho \u00e9 capaz de aquecer ou arrefecer ambientes de at\u00e9 20m\u00b2. Al\u00e9m disso, o compressor Dual Inverter e a efici\u00eancia energ\u00e9tica A+ garantem economia de energia ao longo do tempo. O Wi-Fi&hellip;","og_url":"https:\/\/graficor.pt\/produit\/bomba-de-calor-lg-wh27s-f5\/","og_site_name":"Graficor - Venda de Eletrodom\u00e9sticos em Vila Franca Do Campo","article_modified_time":"2026-05-06T18:03:35+00:00","og_image":[{"width":458,"height":458,"url":"https:\/\/graficor.pt\/wp-content\/uploads\/img_produtos\/8806091100191.jpg","type":"image\/jpeg"}],"twitter_card":"summary_large_image","twitter_misc":{"Est. reading time":"1 minute"},"schema":{"@context":"https:\/\/schema.org","@graph":[{"@type":"WebSite","@id":"https:\/\/graficor.pt\/#website","url":"https:\/\/graficor.pt\/","name":"Graficor - Venda de Eletrodom\u00e9sticos em Vila Franca Do Campo","description":"","potentialAction":[{"@type":"SearchAction","target":{"@type":"EntryPoint","urlTemplate":"https:\/\/graficor.pt\/?s={search_term_string}"},"query-input":"required name=search_term_string"}],"inLanguage":"fr-FR"},{"@type":"WebPage","@id":"https:\/\/graficor.pt\/produit\/bomba-de-calor-lg-wh27s-f5\/","url":"https:\/\/graficor.pt\/produit\/bomba-de-calor-lg-wh27s-f5\/","name":"Bomba de Calor LG WH27S.F5 - Graficor - Venda de Eletrodom\u00e9sticos em Vila Franca Do Campo","isPartOf":{"@id":"https:\/\/graficor.pt\/#website"},"datePublished":"2023-05-31T23:01:12+00:00","dateModified":"2026-05-06T18:03:35+00:00","breadcrumb":{"@id":"https:\/\/graficor.pt\/produit\/bomba-de-calor-lg-wh27s-f5\/#breadcrumb"},"inLanguage":"fr-FR","potentialAction":[{"@type":"ReadAction","target":["https:\/\/graficor.pt\/produit\/bomba-de-calor-lg-wh27s-f5\/"]}]},{"@type":"BreadcrumbList","@id":"https:\/\/graficor.pt\/produit\/bomba-de-calor-lg-wh27s-f5\/#breadcrumb","itemListElement":[{"@type":"ListItem","position":1,"name":"Home","item":"https:\/\/graficor.pt\/fr\/"},{"@type":"ListItem","position":2,"name":"Boutique","item":"https:\/\/graficor.pt\/fr\/boutique\/"},{"@type":"ListItem","position":3,"name":"Bomba de Calor LG WH27S.F5"}]}]}},"_links":{"self":[{"href":"https:\/\/graficor.pt\/fr\/wp-json\/wp\/v2\/product\/55151"}],"collection":[{"href":"https:\/\/graficor.pt\/fr\/wp-json\/wp\/v2\/product"}],"about":[{"href":"https:\/\/graficor.pt\/fr\/wp-json\/wp\/v2\/types\/product"}],"wp:featuredmedia":[{"embeddable":true,"href":"https:\/\/graficor.pt\/fr\/wp-json\/wp\/v2\/media\/60191"}],"wp:attachment":[{"href":"https:\/\/graficor.pt\/fr\/wp-json\/wp\/v2\/media?parent=55151"}],"wp:term":[{"taxonomy":"product_cat","embeddable":true,"href":"https:\/\/graficor.pt\/fr\/wp-json\/wp\/v2\/product_cat?post=55151"},{"taxonomy":"product_tag","embeddable":true,"href":"https:\/\/graficor.pt\/fr\/wp-json\/wp\/v2\/product_tag?post=55151"}],"curies":[{"name":"wp","href":"https:\/\/api.w.org\/{rel}","templated":true}]}}